{"id":51,"date":"2022-08-23T18:09:42","date_gmt":"2022-08-23T18:09:42","guid":{"rendered":"https:\/\/www.fusat.cl\/?page_id=51"},"modified":"2025-07-29T21:08:43","modified_gmt":"2025-07-29T21:08:43","slug":"nuestros-servicios","status":"publish","type":"page","link":"https:\/\/www.fusat.cl\/?page_id=51","title":{"rendered":"Nuestros Servicios"},"content":{"rendered":"<p>[et_pb_section fb_built=\u00bb1&#8243; admin_label=\u00bbJoin Now Call to Action\u00bb _builder_version=\u00bb4.16&#8243; background_color=\u00bb#041b91&#8243; background_color_gradient_direction=\u00bb105deg\u00bb background_enable_image=\u00bboff\u00bb custom_margin=\u00bb|||\u00bb custom_padding=\u00bb60px|0px|9px|0px||\u00bb da_disable_devices=\u00bboff|off|off\u00bb locked=\u00bboff\u00bb global_colors_info=\u00bb{}\u00bb da_is_popup=\u00bboff\u00bb da_exit_intent=\u00bboff\u00bb da_has_close=\u00bbon\u00bb da_alt_close=\u00bboff\u00bb da_dark_close=\u00bboff\u00bb da_not_modal=\u00bbon\u00bb da_is_singular=\u00bboff\u00bb da_with_loader=\u00bboff\u00bb da_has_shadow=\u00bbon\u00bb][et_pb_row _builder_version=\u00bb4.16&#8243; custom_padding=\u00bb0px||11px|||\u00bb global_colors_info=\u00bb{}\u00bb][et_pb_column type=\u00bb4_4&#8243; _builder_version=\u00bb4.16&#8243; custom_padding=\u00bb|||\u00bb global_colors_info=\u00bb{}\u00bb custom_padding__hover=\u00bb|||\u00bb][et_pb_text _builder_version=\u00bb4.16&#8243; text_font=\u00bbPoppins||||||||\u00bb text_text_color=\u00bbrgba(255,255,255,0.8)\u00bb text_font_size=\u00bb18px\u00bb text_line_height=\u00bb1.8em\u00bb header_font=\u00bbPoppins|600|||||||\u00bb header_text_color=\u00bb#ffffff\u00bb header_font_size=\u00bb48px\u00bb header_line_height=\u00bb1.4em\u00bb header_3_font=\u00bbPoppins|600|||||||\u00bb header_3_font_size=\u00bb36px\u00bb header_3_line_height=\u00bb1.4em\u00bb background_layout=\u00bbdark\u00bb max_width=\u00bb600px\u00bb module_alignment=\u00bbleft\u00bb custom_margin=\u00bb|||\u00bb global_colors_info=\u00bb{}\u00bb]<\/p>\n<h1>Nuestros Servicios<\/h1>\n<p>[\/et_pb_text][\/et_pb_column][\/et_pb_row][\/et_pb_section][et_pb_section fb_built=\u00bb1&#8243; _builder_version=\u00bb4.18.0&#8243; _module_preset=\u00bbdefault\u00bb custom_padding=\u00bb10px|||||\u00bb da_disable_devices=\u00bboff|off|off\u00bb global_colors_info=\u00bb{}\u00bb da_is_popup=\u00bboff\u00bb da_exit_intent=\u00bboff\u00bb da_has_close=\u00bbon\u00bb da_alt_close=\u00bboff\u00bb da_dark_close=\u00bboff\u00bb da_not_modal=\u00bbon\u00bb da_is_singular=\u00bboff\u00bb da_with_loader=\u00bboff\u00bb da_has_shadow=\u00bbon\u00bb][et_pb_row column_structure=\u00bb1_3,1_3,1_3&#8243; _builder_version=\u00bb4.18.0&#8243; _module_preset=\u00bbdefault\u00bb global_colors_info=\u00bb{}\u00bb][et_pb_column type=\u00bb1_3&#8243; _builder_version=\u00bb4.18.0&#8243; _module_preset=\u00bbdefault\u00bb global_colors_info=\u00bb{}\u00bb][et_pb_text _builder_version=\u00bb4.18.0&#8243; _module_preset=\u00bbdefault\u00bb header_font=\u00bb|700|||||||\u00bb background_color=\u00bb#0C71C3&#8243; min_height=\u00bb280px\u00bb height=\u00bb309px\u00bb max_height=\u00bb309px\u00bb custom_margin=\u00bb||17px||false|false\u00bb custom_padding=\u00bb20px|20px|20px|20px|false|false\u00bb global_colors_info=\u00bb{}\u00bb]<\/p>\n<h1><span style=\"color: #ffffff;\">IMAGENOLOGIA<\/span><\/h1>\n<p><span style=\"color: #ffffff;\">Realizamos ex\u00e1menes ambulatorios y atendemos las 24 horas del d\u00eda para responder a todos los requerimientos de los servicios de Urgencia y de Hospitalizaci\u00f3n. Incluye ecotomograf\u00eda, radiolog\u00eda adulto e infantil, adem\u00e1s de un completo Centro de Scanner y Resonancia Magn\u00e9tica.<\/span><\/p>\n<p>[\/et_pb_text][et_pb_image src=\u00bbhttps:\/\/www.fusat.cl\/wp-content\/uploads\/2022\/08\/IMAGENOLOGIA-scaled.jpg\u00bb title_text=\u00bbIMAGENOLOGIA\u00bb _builder_version=\u00bb4.18.0&#8243; _module_preset=\u00bbdefault\u00bb custom_margin=\u00bb-17px||||false|false\u00bb global_colors_info=\u00bb{}\u00bb][\/et_pb_image][et_pb_text _builder_version=\u00bb4.18.0&#8243; _module_preset=\u00bbdefault\u00bb text_font=\u00bb|600|||||||\u00bb text_font_size=\u00bb31px\u00bb text_line_height=\u00bb1.3em\u00bb custom_margin=\u00bb-25px||||false|false\u00bb global_colors_info=\u00bb{}\u00bb]<\/p>\n<p style=\"text-align: center;\"><span style=\"color: #0000ff;\"><a href=\"tel:722204028\" title=\"tel:722204109\" style=\"color: #0000ff;\">72 2 204028<\/a><br \/><a href=\"tel:722204019\" title=\"tel:722204343\" style=\"color: #0000ff;\">72 2 204019<\/a><\/span><\/p>\n<p>[\/et_pb_text][\/et_pb_column][et_pb_column type=\u00bb1_3&#8243; _builder_version=\u00bb4.18.0&#8243; _module_preset=\u00bbdefault\u00bb global_colors_info=\u00bb{}\u00bb][et_pb_text _builder_version=\u00bb4.18.0&#8243; _module_preset=\u00bbdefault\u00bb text_text_color=\u00bb#FFFFFF\u00bb header_font=\u00bb|700|||||||\u00bb header_text_color=\u00bb#FFFFFF\u00bb background_color=\u00bb#0C71C3&#8243; min_height=\u00bb280px\u00bb height=\u00bb309px\u00bb max_height=\u00bb309px\u00bb custom_margin=\u00bb||17px||false|false\u00bb custom_padding=\u00bb20px|20px|20px|20px|false|false\u00bb global_colors_info=\u00bb{}\u00bb]<\/p>\n<h1>LABORATORIO CL\u00cdNICO<\/h1>\n<p>Es un servicio de apoyo cl\u00ednico que funciona las 24 horas. Est\u00e1 dotado de tecnolog\u00eda de punta, reactivos e insumos seleccionados y personal de alta calificaci\u00f3n. Sus instalaciones, recursos y procedimientos son evaluados peri\u00f3dicamente, mediante estrictos controles de calidad.<\/p>\n<p>[\/et_pb_text][et_pb_image src=\u00bbhttps:\/\/www.fusat.cl\/wp-content\/uploads\/2022\/08\/LABORATORIOCLINICO-scaled.jpg\u00bb title_text=\u00bbLABORATORIOCLINICO\u00bb _builder_version=\u00bb4.18.0&#8243; _module_preset=\u00bbdefault\u00bb custom_margin=\u00bb-17px||||false|false\u00bb global_colors_info=\u00bb{}\u00bb][\/et_pb_image][et_pb_text _builder_version=\u00bb4.18.0&#8243; _module_preset=\u00bbdefault\u00bb text_font=\u00bb|600|||||||\u00bb text_font_size=\u00bb31px\u00bb text_line_height=\u00bb1.3em\u00bb custom_margin=\u00bb-25px||||false|false\u00bb global_colors_info=\u00bb{}\u00bb]<\/p>\n<p style=\"text-align: center;\"><span><span style=\"color: #0000ff;\"><a href=\"tel:722204016\" title=\"tel:722204016\" style=\"color: #0000ff;\">72 2 204 016<\/a><\/span><br \/>\n<\/span><\/p>\n<p>[\/et_pb_text][\/et_pb_column][et_pb_column type=\u00bb1_3&#8243; _builder_version=\u00bb4.18.0&#8243; _module_preset=\u00bbdefault\u00bb global_colors_info=\u00bb{}\u00bb][et_pb_text _builder_version=\u00bb4.18.0&#8243; _module_preset=\u00bbdefault\u00bb text_text_color=\u00bb#FFFFFF\u00bb header_font=\u00bb|700|||||||\u00bb header_text_color=\u00bb#FFFFFF\u00bb background_color=\u00bb#0C71C3&#8243; min_height=\u00bb280px\u00bb height=\u00bb309px\u00bb max_height=\u00bb309px\u00bb custom_margin=\u00bb||17px||false|false\u00bb custom_padding=\u00bb20px|20px|20px|20px|false|false\u00bb global_colors_info=\u00bb{}\u00bb]<\/p>\n<h1>TOMA DE MUESTRAS<\/h1>\n<p>Damos atenci\u00f3n preferencial a lactantes, embarazadas, discapacitados, pacientes oncol\u00f3gicos y de la tercera edad. Estamos ubicados en Intersalud, funcionando en horario continuado de lunes a viernes de 7:30 a 19:00 horas y s\u00e1bados previo agendamiento.[\/et_pb_text][et_pb_image src=\u00bbhttps:\/\/www.fusat.cl\/wp-content\/uploads\/2022\/08\/TOMADEEXAMENES-1-scaled.jpg\u00bb title_text=\u00bbTOMADEEXAMENES-1&#8243; _builder_version=\u00bb4.18.0&#8243; _module_preset=\u00bbdefault\u00bb custom_margin=\u00bb-17px||||false|false\u00bb global_colors_info=\u00bb{}\u00bb][\/et_pb_image][et_pb_text _builder_version=\u00bb4.18.0&#8243; _module_preset=\u00bbdefault\u00bb text_font=\u00bb|600|||||||\u00bb text_font_size=\u00bb31px\u00bb text_line_height=\u00bb1.3em\u00bb custom_margin=\u00bb-25px||||false|false\u00bb global_colors_info=\u00bb{}\u00bb]<\/p>\n<p style=\"text-align: center;\"><span style=\"color: #0000ff;\"><a href=\"tel:722204107\" title=\"tel:722204107\" style=\"color: #0000ff;\">72 2 204 107<\/a><br \/>\n<\/span><\/p>\n<p>[\/et_pb_text][\/et_pb_column][\/et_pb_row][et_pb_row column_structure=\u00bb1_3,1_3,1_3&#8243; _builder_version=\u00bb4.18.0&#8243; _module_preset=\u00bbdefault\u00bb custom_margin=\u00bb-16px|auto||auto||\u00bb global_colors_info=\u00bb{}\u00bb][et_pb_column type=\u00bb1_3&#8243; _builder_version=\u00bb4.18.0&#8243; _module_preset=\u00bbdefault\u00bb global_colors_info=\u00bb{}\u00bb][et_pb_text _builder_version=\u00bb4.18.0&#8243; _module_preset=\u00bbdefault\u00bb text_text_color=\u00bb#FFFFFF\u00bb header_font=\u00bb|700|||||||\u00bb header_text_color=\u00bb#FFFFFF\u00bb background_color=\u00bb#0C71C3&#8243; min_height=\u00bb386px\u00bb height=\u00bb309px\u00bb max_height=\u00bb309px\u00bb custom_margin=\u00bb||17px||false|false\u00bb custom_padding=\u00bb20px|20px|20px|20px|false|false\u00bb global_colors_info=\u00bb{}\u00bb]<\/p>\n<h1>MEDICINA F\u00cdSICA Y REHABILITACI\u00d3N<\/h1>\n<p>Ofrecemos diversas alternativas terap\u00e9uticas para la recuperaci\u00f3n de enfermedades del aparato locomotor, lesiones traum\u00e1ticas, deportivas y laborales. Tenemos programas de rehabilitaci\u00f3n individuales, buscando minimizar las secuelas de patolog\u00edas degenerativas, neurol\u00f3gicas, da\u00f1os cerebrales traum\u00e1ticos, ataques cerebro-vasculares, entre otras, con el fin de mejorar la calidad de vida de los pacientes y sus familias.[\/et_pb_text][et_pb_image src=\u00bbhttps:\/\/www.fusat.cl\/wp-content\/uploads\/2022\/08\/REHABILITACION-scaled.jpg\u00bb title_text=\u00bbREHABILITACION\u00bb _builder_version=\u00bb4.18.0&#8243; _module_preset=\u00bbdefault\u00bb custom_margin=\u00bb-17px||||false|false\u00bb global_colors_info=\u00bb{}\u00bb][\/et_pb_image][et_pb_text _builder_version=\u00bb4.18.0&#8243; _module_preset=\u00bbdefault\u00bb text_font=\u00bb|600|||||||\u00bb text_font_size=\u00bb31px\u00bb text_line_height=\u00bb1.3em\u00bb custom_margin=\u00bb-25px||||false|false\u00bb global_colors_info=\u00bb{}\u00bb]<\/p>\n<p style=\"text-align: center;\"><span><span style=\"color: #0000ff;\"><a href=\"tel:722204095\" title=\"tel:722204095\" style=\"color: #0000ff;\">72 2 204 095<\/a><\/span><br \/>\n<\/span><\/p>\n<p>[\/et_pb_text][\/et_pb_column][et_pb_column type=\u00bb1_3&#8243; _builder_version=\u00bb4.18.0&#8243; _module_preset=\u00bbdefault\u00bb global_colors_info=\u00bb{}\u00bb][et_pb_text _builder_version=\u00bb4.18.0&#8243; _module_preset=\u00bbdefault\u00bb text_text_color=\u00bb#FFFFFF\u00bb header_font=\u00bb|700|||||||\u00bb header_text_color=\u00bb#FFFFFF\u00bb background_color=\u00bb#0C71C3&#8243; min_height=\u00bb387px\u00bb height=\u00bb309px\u00bb max_height=\u00bb309px\u00bb custom_margin=\u00bb||17px||false|false\u00bb custom_padding=\u00bb20px|20px|20px|20px|false|false\u00bb global_colors_info=\u00bb{}\u00bb]<\/p>\n<h1>CIRUG\u00cdA MAYOR AMBULATORIA<\/h1>\n<p>Tenemos un sistema de hospitalizaci\u00f3n abreviada que permite la realizaci\u00f3n de procedimientos quir\u00fargicos, terap\u00e9uticos y diagn\u00f3sticos con alta durante el mismo d\u00eda.[\/et_pb_text][et_pb_image src=\u00bbhttps:\/\/www.fusat.cl\/wp-content\/uploads\/2022\/08\/CIRUGIA-scaled.jpg\u00bb title_text=\u00bbCIRUGIA\u00bb _builder_version=\u00bb4.18.0&#8243; _module_preset=\u00bbdefault\u00bb custom_margin=\u00bb-17px||||false|false\u00bb global_colors_info=\u00bb{}\u00bb][\/et_pb_image][et_pb_text _builder_version=\u00bb4.18.0&#8243; _module_preset=\u00bbdefault\u00bb text_font=\u00bb|600|||||||\u00bb text_font_size=\u00bb31px\u00bb text_line_height=\u00bb1.3em\u00bb custom_margin=\u00bb-25px||||false|false\u00bb global_colors_info=\u00bb{}\u00bb]<\/p>\n<p style=\"text-align: center;\"><span><span style=\"color: #0000ff;\"><a href=\"tel:722204268\" title=\"tel:722204268\" style=\"color: #0000ff;\">72 2 204 268<\/a><\/span><br \/>\n<\/span><\/p>\n<p>[\/et_pb_text][\/et_pb_column][et_pb_column type=\u00bb1_3&#8243; _builder_version=\u00bb4.18.0&#8243; _module_preset=\u00bbdefault\u00bb global_colors_info=\u00bb{}\u00bb][et_pb_text _builder_version=\u00bb4.18.0&#8243; _module_preset=\u00bbdefault\u00bb text_text_color=\u00bb#FFFFFF\u00bb header_font=\u00bb|700|||||||\u00bb header_text_color=\u00bb#FFFFFF\u00bb background_color=\u00bb#0C71C3&#8243; min_height=\u00bb386px\u00bb height=\u00bb309px\u00bb max_height=\u00bb309px\u00bb custom_margin=\u00bb||17px||false|false\u00bb custom_padding=\u00bb20px|20px|20px|20px|false|false\u00bb global_colors_info=\u00bb{}\u00bb]<\/p>\n<h1>BANCO DE SANGRE<\/h1>\n<p>Brinda apoyo a la terapia transfusional tanto a pacientes hospitalizados como ambulatorios, cubriendo as\u00ed las necesidades de intervenciones quir\u00fargicas, enfermedades o tratamientos hematol\u00f3gicos. Su tecnolog\u00eda de primer nivel permite la detecci\u00f3n oportuna de enfermedades o anomal\u00edas en la sangre recibida y su equipo profesional est\u00e1 capacitado para actuar con rapidez los 365 d\u00edas del a\u00f1o, las 24 horas, ante cualquier emergencia.[\/et_pb_text][et_pb_image src=\u00bbhttps:\/\/www.fusat.cl\/wp-content\/uploads\/2022\/08\/BANCOSANGRE-scaled.jpg\u00bb title_text=\u00bbBANCOSANGRE\u00bb _builder_version=\u00bb4.18.0&#8243; _module_preset=\u00bbdefault\u00bb custom_margin=\u00bb-17px||||false|false\u00bb global_colors_info=\u00bb{}\u00bb][\/et_pb_image][et_pb_text _builder_version=\u00bb4.18.0&#8243; _module_preset=\u00bbdefault\u00bb text_font=\u00bb|600|||||||\u00bb text_font_size=\u00bb31px\u00bb text_line_height=\u00bb1.3em\u00bb custom_margin=\u00bb-25px||||false|false\u00bb hover_enabled=\u00bb0&#8243; global_colors_info=\u00bb{}\u00bb sticky_enabled=\u00bb0&#8243;]<\/p>\n<p style=\"text-align: center;\"><span><span style=\"color: #0000ff;\"><a href=\"tel:722204296\" title=\"tel:722204296\" style=\"color: #0000ff;\">72 2 205296<\/a><\/span><br \/><\/span><\/p>\n<p>[\/et_pb_text][\/et_pb_column][\/et_pb_row][\/et_pb_section]<\/p>\n","protected":false},"excerpt":{"rendered":"<p>Nuestros ServiciosIMAGENOLOGIA Realizamos ex\u00e1menes ambulatorios y atendemos las 24 horas del d\u00eda para responder a todos los requerimientos de los servicios de Urgencia y de Hospitalizaci\u00f3n. Incluye ecotomograf\u00eda, radiolog\u00eda adulto e infantil, adem\u00e1s de un completo Centro de Scanner y Resonancia Magn\u00e9tica.72 2 20402872 2 204019LABORATORIO CL\u00cdNICO Es un servicio de apoyo cl\u00ednico que funciona [&hellip;]<\/p>\n","protected":false},"author":1,"featured_media":0,"parent":0,"menu_order":0,"comment_status":"closed","ping_status":"closed","template":"","meta":{"_et_pb_use_builder":"on","_et_pb_old_content":"","_et_gb_content_width":""},"_links":{"self":[{"href":"https:\/\/www.fusat.cl\/index.php?rest_route=\/wp\/v2\/pages\/51"}],"collection":[{"href":"https:\/\/www.fusat.cl\/index.php?rest_route=\/wp\/v2\/pages"}],"about":[{"href":"https:\/\/www.fusat.cl\/index.php?rest_route=\/wp\/v2\/types\/page"}],"author":[{"embeddable":true,"href":"https:\/\/www.fusat.cl\/index.php?rest_route=\/wp\/v2\/users\/1"}],"replies":[{"embeddable":true,"href":"https:\/\/www.fusat.cl\/index.php?rest_route=%2Fwp%2Fv2%2Fcomments&post=51"}],"version-history":[{"count":6,"href":"https:\/\/www.fusat.cl\/index.php?rest_route=\/wp\/v2\/pages\/51\/revisions"}],"predecessor-version":[{"id":4238,"href":"https:\/\/www.fusat.cl\/index.php?rest_route=\/wp\/v2\/pages\/51\/revisions\/4238"}],"wp:attachment":[{"href":"https:\/\/www.fusat.cl\/index.php?rest_route=%2Fwp%2Fv2%2Fmedia&parent=51"}],"curies":[{"name":"wp","href":"https:\/\/api.w.org\/{rel}","templated":true}]}}